{"id":563,"date":"2024-08-04T18:20:39","date_gmt":"2024-08-04T18:20:39","guid":{"rendered":"https:\/\/sweetbeginnings.care\/cita-anulada\/"},"modified":"2024-08-31T00:21:14","modified_gmt":"2024-08-31T00:21:14","slug":"cita-anulada","status":"publish","type":"page","link":"https:\/\/sweetbeginnings.care\/es\/cita-anulada\/","title":{"rendered":"Cita anulada"},"content":{"rendered":"\n<div class=\"bpa-front-cancel-module-container\">\n<div class=\"bpa-front-cmc__title\">Lamento que hayas solicitado la anulaci\u00f3n de la cita.<\/div>\n<div class=\"bpa-front-cmc__desc\">Hemos enviado una notificaci\u00f3n por correo electr\u00f3nico para cancelar la cita.<br \/>\nHaz clic en el bot\u00f3n para cancelar la cita. <\/div>\n<\/p><\/div>\n","protected":false},"excerpt":{"rendered":"<p>Lamento que hayas solicitado la anulaci\u00f3n de la cita. Hemos enviado una notificaci\u00f3n por correo electr\u00f3nico para cancelar la cita. Haz clic en el bot\u00f3n para cancelar la cita.<\/p>\n","protected":false},"author":1,"featured_media":0,"parent":0,"menu_order":0,"comment_status":"open","ping_status":"open","template":"","meta":{"iawp_total_views":0,"footnotes":""},"class_list":["post-563","page","type-page","status-publish","hentry"],"yoast_head":"<!-- This site is optimized with the Yoast SEO plugin v23.8 - https:\/\/yoast.com\/wordpress\/plugins\/seo\/ -->\n<title>Cita anulada - Sweet Beginnings<\/title>\n<meta name=\"robots\" content=\"index, follow, max-snippet:-1, max-image-preview:large, max-video-preview:-1\" \/>\n<link rel=\"canonical\" href=\"https:\/\/sweetbeginnings.care\/es\/cita-anulada\/\" \/>\n<meta property=\"og:locale\" content=\"es_ES\" \/>\n<meta property=\"og:type\" content=\"article\" \/>\n<meta property=\"og:title\" content=\"Cita anulada - Sweet Beginnings\" \/>\n<meta property=\"og:description\" content=\"Lamento que hayas solicitado la anulaci\u00f3n de la cita. Hemos enviado una notificaci\u00f3n por correo electr\u00f3nico para cancelar la cita. Haz clic en el bot\u00f3n para cancelar la cita.\" \/>\n<meta property=\"og:url\" content=\"https:\/\/sweetbeginnings.care\/es\/cita-anulada\/\" \/>\n<meta property=\"og:site_name\" content=\"Sweet Beginnings\" \/>\n<meta property=\"article:modified_time\" content=\"2024-08-31T00:21:14+00:00\" \/>\n<meta name=\"twitter:card\" content=\"summary_large_image\" \/>\n<script type=\"application\/ld+json\" class=\"yoast-schema-graph\">{\"@context\":\"https:\/\/schema.org\",\"@graph\":[{\"@type\":\"WebPage\",\"@id\":\"https:\/\/sweetbeginnings.care\/es\/cita-anulada\/\",\"url\":\"https:\/\/sweetbeginnings.care\/es\/cita-anulada\/\",\"name\":\"Cita anulada - Sweet Beginnings\",\"isPartOf\":{\"@id\":\"https:\/\/sweetbeginnings.care\/es\/#website\"},\"datePublished\":\"2024-08-04T18:20:39+00:00\",\"dateModified\":\"2024-08-31T00:21:14+00:00\",\"breadcrumb\":{\"@id\":\"https:\/\/sweetbeginnings.care\/es\/cita-anulada\/#breadcrumb\"},\"inLanguage\":\"es\",\"potentialAction\":[{\"@type\":\"ReadAction\",\"target\":[\"https:\/\/sweetbeginnings.care\/es\/cita-anulada\/\"]}]},{\"@type\":\"BreadcrumbList\",\"@id\":\"https:\/\/sweetbeginnings.care\/es\/cita-anulada\/#breadcrumb\",\"itemListElement\":[{\"@type\":\"ListItem\",\"position\":1,\"name\":\"Home\",\"item\":\"https:\/\/sweetbeginnings.care\/es\/\"},{\"@type\":\"ListItem\",\"position\":2,\"name\":\"Cita anulada\"}]},{\"@type\":\"WebSite\",\"@id\":\"https:\/\/sweetbeginnings.care\/es\/#website\",\"url\":\"https:\/\/sweetbeginnings.care\/es\/\",\"name\":\"Sweet Beginnings\",\"description\":\"\",\"publisher\":{\"@id\":\"https:\/\/sweetbeginnings.care\/es\/#organization\"},\"potentialAction\":[{\"@type\":\"SearchAction\",\"target\":{\"@type\":\"EntryPoint\",\"urlTemplate\":\"https:\/\/sweetbeginnings.care\/es\/?s={search_term_string}\"},\"query-input\":{\"@type\":\"PropertyValueSpecification\",\"valueRequired\":true,\"valueName\":\"search_term_string\"}}],\"inLanguage\":\"es\"},{\"@type\":\"Organization\",\"@id\":\"https:\/\/sweetbeginnings.care\/es\/#organization\",\"name\":\"Sweet Beginnings Lactation\",\"url\":\"https:\/\/sweetbeginnings.care\/es\/\",\"logo\":{\"@type\":\"ImageObject\",\"inLanguage\":\"es\",\"@id\":\"https:\/\/sweetbeginnings.care\/es\/#\/schema\/logo\/image\/\",\"url\":\"https:\/\/sweetbeginnings.care\/wp-content\/uploads\/2024\/07\/sweet-beginnings-logo.png\",\"contentUrl\":\"https:\/\/sweetbeginnings.care\/wp-content\/uploads\/2024\/07\/sweet-beginnings-logo.png\",\"width\":1200,\"height\":269,\"caption\":\"Sweet Beginnings Lactation\"},\"image\":{\"@id\":\"https:\/\/sweetbeginnings.care\/es\/#\/schema\/logo\/image\/\"},\"sameAs\":[\"https:\/\/www.instagram.com\/sweet_beginnings_lactation\"]}]}<\/script>\n<!-- \/ Yoast SEO plugin. -->","yoast_head_json":{"title":"Cita anulada - Sweet Beginnings","robots":{"index":"index","follow":"follow","max-snippet":"max-snippet:-1","max-image-preview":"max-image-preview:large","max-video-preview":"max-video-preview:-1"},"canonical":"https:\/\/sweetbeginnings.care\/es\/cita-anulada\/","og_locale":"es_ES","og_type":"article","og_title":"Cita anulada - Sweet Beginnings","og_description":"Lamento que hayas solicitado la anulaci\u00f3n de la cita. Hemos enviado una notificaci\u00f3n por correo electr\u00f3nico para cancelar la cita. Haz clic en el bot\u00f3n para cancelar la cita.","og_url":"https:\/\/sweetbeginnings.care\/es\/cita-anulada\/","og_site_name":"Sweet Beginnings","article_modified_time":"2024-08-31T00:21:14+00:00","twitter_card":"summary_large_image","schema":{"@context":"https:\/\/schema.org","@graph":[{"@type":"WebPage","@id":"https:\/\/sweetbeginnings.care\/es\/cita-anulada\/","url":"https:\/\/sweetbeginnings.care\/es\/cita-anulada\/","name":"Cita anulada - Sweet Beginnings","isPartOf":{"@id":"https:\/\/sweetbeginnings.care\/es\/#website"},"datePublished":"2024-08-04T18:20:39+00:00","dateModified":"2024-08-31T00:21:14+00:00","breadcrumb":{"@id":"https:\/\/sweetbeginnings.care\/es\/cita-anulada\/#breadcrumb"},"inLanguage":"es","potentialAction":[{"@type":"ReadAction","target":["https:\/\/sweetbeginnings.care\/es\/cita-anulada\/"]}]},{"@type":"BreadcrumbList","@id":"https:\/\/sweetbeginnings.care\/es\/cita-anulada\/#breadcrumb","itemListElement":[{"@type":"ListItem","position":1,"name":"Home","item":"https:\/\/sweetbeginnings.care\/es\/"},{"@type":"ListItem","position":2,"name":"Cita anulada"}]},{"@type":"WebSite","@id":"https:\/\/sweetbeginnings.care\/es\/#website","url":"https:\/\/sweetbeginnings.care\/es\/","name":"Sweet Beginnings","description":"","publisher":{"@id":"https:\/\/sweetbeginnings.care\/es\/#organization"},"potentialAction":[{"@type":"SearchAction","target":{"@type":"EntryPoint","urlTemplate":"https:\/\/sweetbeginnings.care\/es\/?s={search_term_string}"},"query-input":{"@type":"PropertyValueSpecification","valueRequired":true,"valueName":"search_term_string"}}],"inLanguage":"es"},{"@type":"Organization","@id":"https:\/\/sweetbeginnings.care\/es\/#organization","name":"Sweet Beginnings Lactation","url":"https:\/\/sweetbeginnings.care\/es\/","logo":{"@type":"ImageObject","inLanguage":"es","@id":"https:\/\/sweetbeginnings.care\/es\/#\/schema\/logo\/image\/","url":"https:\/\/sweetbeginnings.care\/wp-content\/uploads\/2024\/07\/sweet-beginnings-logo.png","contentUrl":"https:\/\/sweetbeginnings.care\/wp-content\/uploads\/2024\/07\/sweet-beginnings-logo.png","width":1200,"height":269,"caption":"Sweet Beginnings Lactation"},"image":{"@id":"https:\/\/sweetbeginnings.care\/es\/#\/schema\/logo\/image\/"},"sameAs":["https:\/\/www.instagram.com\/sweet_beginnings_lactation"]}]}},"_links":{"self":[{"href":"https:\/\/sweetbeginnings.care\/es\/wp-json\/wp\/v2\/pages\/563","targetHints":{"allow":["GET"]}}],"collection":[{"href":"https:\/\/sweetbeginnings.care\/es\/wp-json\/wp\/v2\/pages"}],"about":[{"href":"https:\/\/sweetbeginnings.care\/es\/wp-json\/wp\/v2\/types\/page"}],"author":[{"embeddable":true,"href":"https:\/\/sweetbeginnings.care\/es\/wp-json\/wp\/v2\/users\/1"}],"replies":[{"embeddable":true,"href":"https:\/\/sweetbeginnings.care\/es\/wp-json\/wp\/v2\/comments?post=563"}],"version-history":[{"count":1,"href":"https:\/\/sweetbeginnings.care\/es\/wp-json\/wp\/v2\/pages\/563\/revisions"}],"predecessor-version":[{"id":564,"href":"https:\/\/sweetbeginnings.care\/es\/wp-json\/wp\/v2\/pages\/563\/revisions\/564"}],"wp:attachment":[{"href":"https:\/\/sweetbeginnings.care\/es\/wp-json\/wp\/v2\/media?parent=563"}],"curies":[{"name":"wp","href":"https:\/\/api.w.org\/{rel}","templated":true}]}}